{"id":14,"date":"2025-05-18T17:53:29","date_gmt":"2025-05-18T17:53:29","guid":{"rendered":"https:\/\/enveloping-eury-y3k2.zipwp.link\/?page_id=14"},"modified":"2025-05-24T17:06:55","modified_gmt":"2025-05-24T17:06:55","slug":"services","status":"publish","type":"page","link":"https:\/\/www.acusticacr.cl\/New_site\/services\/","title":{"rendered":"Services"},"content":{"rendered":"\n<div class=\"wp-block-uagb-container uagb-block-91b83e74 alignfull uagb-is-root-container\"><div class=\"uagb-container-inner-blocks-wrap\">\n<div class=\"wp-block-uagb-advanced-heading uagb-block-e6ecb224\"><h1 class=\"uagb-heading-text\">Soluciones Ac\u00fasticas<\/h1><p class=\"uagb-desc-text\">Expertos en control de ruido y vibraciones para mejorar tu ambiente de trabajo.<\/p><\/div>\n<\/div><\/div>\n\n\n\n<div class=\"wp-block-uagb-container uagb-block-947b31dc alignfull uagb-is-root-container\"><div class=\"uagb-container-inner-blocks-wrap\">\n<div class=\"wp-block-uagb-advanced-heading uagb-block-97bcffc6\"><h2 class=\"uagb-heading-text\">Nuestros Servicios Ac\u00fasticos<\/h2><\/div>\n\n\n\n<div class=\"wp-block-uagb-container uagb-block-ec0eacca\">\n<div class=\"wp-block-uagb-container uagb-block-627343a1\">\n<div class=\"wp-block-uagb-image alignleft uagb-block-78ea2ba5 wp-block-uagb-image--layout-default wp-block-uagb-image--effect-static wp-block-uagb-image--align-left\"><figure class=\"wp-block-uagb-image__figure\"><img decoding=\"async\" srcset=\"https:\/\/www.acusticacr.cl\/New_site\/wp-content\/uploads\/2025\/05\/Rieles.jpg ,https:\/\/www.acusticacr.cl\/New_site\/wp-content\/uploads\/2025\/05\/Rieles.jpg 780w, https:\/\/www.acusticacr.cl\/New_site\/wp-content\/uploads\/2025\/05\/Rieles.jpg 360w\" sizes=\"auto, (max-width: 480px) 150px\" src=\"https:\/\/www.acusticacr.cl\/New_site\/wp-content\/uploads\/2025\/05\/Rieles.jpg\" alt=\"\" class=\"uag-image-1311\" width=\"373\" height=\"230\" title=\"Rieles\" loading=\"lazy\" role=\"img\"\/><\/figure><\/div>\n\n\n\n<div class=\"wp-block-uagb-info-box uagb-block-ed03a119 uagb-infobox__content-wrap  uagb-infobox-icon-above-title uagb-infobox-image-valign-top\"><div class=\"uagb-ifb-content\"><div class=\"uagb-ifb-title-wrap\"><h3 class=\"uagb-ifb-title\">Estudios de Ruido y Vibraciones<\/h3><\/div><p class=\"uagb-ifb-desc\">Realizamos estudios detallados de ruido y vibraciones industrial para asegurar el cumplimiento de normativas nacionales.<\/p><\/div><\/div>\n<\/div>\n\n\n\n<div class=\"wp-block-uagb-container uagb-block-df5f31de\">\n<div class=\"wp-block-uagb-image alignleft uagb-block-12ec4eca wp-block-uagb-image--layout-default wp-block-uagb-image--effect-static wp-block-uagb-image--align-left\"><figure class=\"wp-block-uagb-image__figure\"><img decoding=\"async\" srcset=\"https:\/\/www.acusticacr.cl\/New_site\/wp-content\/uploads\/2025\/05\/IMG_0132.heic ,https:\/\/www.acusticacr.cl\/New_site\/wp-content\/uploads\/2025\/05\/IMG_0132.heic 780w, https:\/\/www.acusticacr.cl\/New_site\/wp-content\/uploads\/2025\/05\/IMG_0132.heic 360w\" sizes=\"auto, (max-width: 480px) 150px\" src=\"https:\/\/www.acusticacr.cl\/New_site\/wp-content\/uploads\/2025\/05\/IMG_0132.heic\" alt=\"\" class=\"uag-image-1326\" width=\"373\" height=\"230\" title=\"IMG_0132\" loading=\"lazy\" role=\"img\"\/><\/figure><\/div>\n\n\n\n<div class=\"wp-block-uagb-info-box uagb-block-e27dd612 uagb-infobox__content-wrap  uagb-infobox-icon-above-title uagb-infobox-image-valign-top\"><div class=\"uagb-ifb-content\"><div class=\"uagb-ifb-title-wrap\"><h3 class=\"uagb-ifb-title\">Medidas de Control<\/h3><\/div><p class=\"uagb-ifb-desc\">Dise\u00f1amos e implementamos soluciones efectivas para reducir la emisi\u00f3n sonora de maquinarias y procesos industriales.<\/p><\/div><\/div>\n<\/div>\n\n\n\n<div class=\"wp-block-uagb-container uagb-block-8d91e46a\">\n<div class=\"wp-block-uagb-image alignleft uagb-block-df5e3151 wp-block-uagb-image--layout-default wp-block-uagb-image--effect-static wp-block-uagb-image--align-left\"><figure class=\"wp-block-uagb-image__figure\"><img decoding=\"async\" srcset=\"https:\/\/www.acusticacr.cl\/New_site\/wp-content\/uploads\/2025\/05\/Norsonic_v2-66.jpg ,https:\/\/www.acusticacr.cl\/New_site\/wp-content\/uploads\/2025\/05\/Norsonic_v2-66.jpg 780w, https:\/\/www.acusticacr.cl\/New_site\/wp-content\/uploads\/2025\/05\/Norsonic_v2-66.jpg 360w\" sizes=\"auto, (max-width: 480px) 150px\" src=\"https:\/\/www.acusticacr.cl\/New_site\/wp-content\/uploads\/2025\/05\/Norsonic_v2-66.jpg\" alt=\"\" class=\"uag-image-1317\" width=\"373\" height=\"230\" title=\"Norsonic_v2-66\" loading=\"lazy\" role=\"img\"\/><\/figure><\/div>\n\n\n\n<div class=\"wp-block-uagb-info-box uagb-block-2cc97d5c uagb-infobox__content-wrap  uagb-infobox-icon-above-title uagb-infobox-image-valign-top\"><div class=\"uagb-ifb-content\"><div class=\"uagb-ifb-title-wrap\"><h3 class=\"uagb-ifb-title\">Venta de Equipos<\/h3><\/div><p class=\"uagb-ifb-desc\">Ofrecemos son\u00f3metros, medidores de vibraci\u00f3n y estaciones de monitoreo continuo de las marcas NORSONIC y RION.<\/p><\/div><\/div>\n<\/div>\n<\/div>\n\n\n\n<div class=\"wp-block-uagb-container uagb-block-586599bc\">\n<div class=\"wp-block-uagb-container uagb-block-cc622818\">\n<div class=\"wp-block-uagb-image alignleft uagb-block-d9ae0020 wp-block-uagb-image--layout-default wp-block-uagb-image--effect-static wp-block-uagb-image--align-left\"><figure class=\"wp-block-uagb-image__figure\"><img decoding=\"async\" srcset=\"https:\/\/www.acusticacr.cl\/New_site\/wp-content\/uploads\/2025\/05\/BARRERA-AIRLIQUID.jpeg ,https:\/\/www.acusticacr.cl\/New_site\/wp-content\/uploads\/2025\/05\/BARRERA-AIRLIQUID.jpeg 780w, https:\/\/www.acusticacr.cl\/New_site\/wp-content\/uploads\/2025\/05\/BARRERA-AIRLIQUID.jpeg 360w\" sizes=\"auto, (max-width: 480px) 150px\" src=\"https:\/\/www.acusticacr.cl\/New_site\/wp-content\/uploads\/2025\/05\/BARRERA-AIRLIQUID.jpeg\" alt=\"\" class=\"uag-image-1305\" width=\"373\" height=\"230\" title=\"BARRERA AIRLIQUID\" loading=\"lazy\" role=\"img\"\/><\/figure><\/div>\n\n\n\n<div class=\"wp-block-uagb-info-box uagb-block-66db6c68 uagb-infobox__content-wrap  uagb-infobox-icon-above-title uagb-infobox-image-valign-top\"><div class=\"uagb-ifb-content\"><div class=\"uagb-ifb-title-wrap\"><h3 class=\"uagb-ifb-title\">Barreras Ac\u00fasticas<\/h3><\/div><p class=\"uagb-ifb-desc\">Instalamos barreras ac\u00fasticas personalizadas para mitigar el ruido en entornos industriales y urbanos.<\/p><\/div><\/div>\n<\/div>\n\n\n\n<div class=\"wp-block-uagb-container uagb-block-ff35ab38\">\n<div class=\"wp-block-uagb-image alignleft uagb-block-1f371bf6 wp-block-uagb-image--layout-default wp-block-uagb-image--effect-static wp-block-uagb-image--align-left\"><figure class=\"wp-block-uagb-image__figure\"><img decoding=\"async\" srcset=\"https:\/\/www.acusticacr.cl\/New_site\/wp-content\/uploads\/2025\/05\/Cabinas-3.jpg ,https:\/\/www.acusticacr.cl\/New_site\/wp-content\/uploads\/2025\/05\/Cabinas-3.jpg 780w, https:\/\/www.acusticacr.cl\/New_site\/wp-content\/uploads\/2025\/05\/Cabinas-3.jpg 360w\" sizes=\"auto, (max-width: 480px) 150px\" src=\"https:\/\/www.acusticacr.cl\/New_site\/wp-content\/uploads\/2025\/05\/Cabinas-3.jpg\" alt=\"\" class=\"uag-image-1245\" width=\"373\" height=\"230\" title=\"Cabinas 3\" loading=\"lazy\" role=\"img\"\/><\/figure><\/div>\n\n\n\n<div class=\"wp-block-uagb-info-box uagb-block-8a0a97bf uagb-infobox__content-wrap  uagb-infobox-icon-above-title uagb-infobox-image-valign-top\"><div class=\"uagb-ifb-content\"><div class=\"uagb-ifb-title-wrap\"><h3 class=\"uagb-ifb-title\">Cabinas Insonorizadas<\/h3><\/div><p class=\"uagb-ifb-desc\">Dise\u00f1amos cabinas insonorizadas para proteger a los trabajadores del ruido excesivo en el lugar de trabajo.<\/p><\/div><\/div>\n<\/div>\n\n\n\n<div class=\"wp-block-uagb-container uagb-block-e6e559c1\">\n<div class=\"wp-block-uagb-image uagb-block-554ffe57 wp-block-uagb-image--layout-default wp-block-uagb-image--effect-static wp-block-uagb-image--align-none\"><figure class=\"wp-block-uagb-image__figure\"><img decoding=\"async\" srcset=\"https:\/\/www.acusticacr.cl\/New_site\/wp-content\/uploads\/2025\/05\/Norsonic_v2-53.jpg ,https:\/\/www.acusticacr.cl\/New_site\/wp-content\/uploads\/2025\/05\/Norsonic_v2-53.jpg 780w, https:\/\/www.acusticacr.cl\/New_site\/wp-content\/uploads\/2025\/05\/Norsonic_v2-53.jpg 360w\" sizes=\"auto, (max-width: 480px) 150px\" src=\"https:\/\/www.acusticacr.cl\/New_site\/wp-content\/uploads\/2025\/05\/Norsonic_v2-53.jpg\" alt=\"\" class=\"uag-image-1307\" width=\"373\" height=\"230\" title=\"Norsonic_v2-53\" loading=\"lazy\" role=\"img\"\/><\/figure><\/div>\n\n\n\n<div class=\"wp-block-uagb-info-box uagb-block-ff2bcaf4 uagb-infobox__content-wrap  uagb-infobox-icon-above-title uagb-infobox-image-valign-top\"><div class=\"uagb-ifb-content\"><div class=\"uagb-ifb-title-wrap\"><h3 class=\"uagb-ifb-title\">Monitoreo Continuo<\/h3><\/div><p class=\"uagb-ifb-desc\">Implementamos sistemas de monitoreo continuo para evaluar y gestionar el ruido en tiempo real.<\/p><\/div><\/div>\n<\/div>\n<\/div>\n\n\n\n<div class=\"wp-block-uagb-container uagb-block-2e97c309\">\n<div class=\"wp-block-uagb-container uagb-block-b0d0231b\">\n<div class=\"wp-block-uagb-image alignleft uagb-block-ffdc461e wp-block-uagb-image--layout-default wp-block-uagb-image--effect-static wp-block-uagb-image--align-left\"><figure class=\"wp-block-uagb-image__figure\"><img decoding=\"async\" srcset=\"https:\/\/www.acusticacr.cl\/New_site\/wp-content\/uploads\/2025\/05\/Puerta-1.jpg ,https:\/\/www.acusticacr.cl\/New_site\/wp-content\/uploads\/2025\/05\/Puerta-1.jpg 780w, https:\/\/www.acusticacr.cl\/New_site\/wp-content\/uploads\/2025\/05\/Puerta-1.jpg 360w\" sizes=\"auto, (max-width: 480px) 150px\" src=\"https:\/\/www.acusticacr.cl\/New_site\/wp-content\/uploads\/2025\/05\/Puerta-1.jpg\" alt=\"\" class=\"uag-image-1399\" width=\"373\" height=\"230\" title=\"Puerta 1\" loading=\"lazy\" role=\"img\"\/><\/figure><\/div>\n\n\n\n<div class=\"wp-block-uagb-info-box uagb-block-dd2db3b2 uagb-infobox__content-wrap  uagb-infobox-icon-above-title uagb-infobox-image-valign-top\"><div class=\"uagb-ifb-content\"><div class=\"uagb-ifb-title-wrap\"><h3 class=\"uagb-ifb-title\">Puertas Ac\u00fasticas<\/h3><\/div><p class=\"uagb-ifb-desc\">Puertas ac\u00fasticas de doble contacto con aislamiento sonoro Rw 35 a Rw 40. De abatir simples y de dos hojas, con y sin mirillas ac\u00fasticas.<br>Puerta de corredera de todos los tama\u00f1os. Fabricamos a pedido seg\u00fan sus necesidades.<br>Dise\u00f1amos e instalamos portones ac\u00fasticos especiales de corredera o abatir, peque\u00f1a y grandes dimensiones.<\/p><\/div><\/div>\n<\/div>\n\n\n\n<div class=\"wp-block-uagb-container uagb-block-18c85d2a\">\n<div class=\"wp-block-uagb-image alignleft uagb-block-1b005a94 wp-block-uagb-image--layout-default wp-block-uagb-image--effect-static wp-block-uagb-image--align-left\"><figure class=\"wp-block-uagb-image__figure\"><img decoding=\"async\" srcset=\"https:\/\/www.acusticacr.cl\/New_site\/wp-content\/uploads\/2025\/05\/Silenciador-4-1.jpg ,https:\/\/www.acusticacr.cl\/New_site\/wp-content\/uploads\/2025\/05\/Silenciador-4-1.jpg 780w, https:\/\/www.acusticacr.cl\/New_site\/wp-content\/uploads\/2025\/05\/Silenciador-4-1.jpg 360w\" sizes=\"auto, (max-width: 480px) 150px\" src=\"https:\/\/www.acusticacr.cl\/New_site\/wp-content\/uploads\/2025\/05\/Silenciador-4-1.jpg\" alt=\"\" class=\"uag-image-1405\" width=\"373\" height=\"230\" title=\"Silenciador 4\" loading=\"lazy\" role=\"img\"\/><\/figure><\/div>\n\n\n\n<div class=\"wp-block-uagb-info-box uagb-block-e2c1d136 uagb-infobox__content-wrap  uagb-infobox-icon-above-title uagb-infobox-image-valign-top\"><div class=\"uagb-ifb-content\"><div class=\"uagb-ifb-title-wrap\"><h3 class=\"uagb-ifb-title\">Silenciadores de Gases<\/h3><\/div><p class=\"uagb-ifb-desc\">Dise\u00f1amos cabinas insonorizadas para proteger a los trabajadores del ruido excesivo en el lugar de trabajo.<\/p><\/div><\/div>\n<\/div>\n\n\n\n<div class=\"wp-block-uagb-container uagb-block-ee604255\">\n<div class=\"wp-block-uagb-image uagb-block-fe8bb948 wp-block-uagb-image--layout-default wp-block-uagb-image--effect-static wp-block-uagb-image--align-none\"><figure class=\"wp-block-uagb-image__figure\"><img decoding=\"async\" srcset=\"https:\/\/www.acusticacr.cl\/New_site\/wp-content\/uploads\/2025\/05\/IMG_2811.jpg ,https:\/\/www.acusticacr.cl\/New_site\/wp-content\/uploads\/2025\/05\/IMG_2811.jpg 780w, https:\/\/www.acusticacr.cl\/New_site\/wp-content\/uploads\/2025\/05\/IMG_2811.jpg 360w\" sizes=\"auto, (max-width: 480px) 150px\" src=\"https:\/\/www.acusticacr.cl\/New_site\/wp-content\/uploads\/2025\/05\/IMG_2811.jpg\" alt=\"\" class=\"uag-image-1324\" width=\"373\" height=\"230\" title=\"Silenciador Splitter\" loading=\"lazy\" role=\"img\"\/><\/figure><\/div>\n\n\n\n<div class=\"wp-block-uagb-info-box uagb-block-58e45c8e uagb-infobox__content-wrap  uagb-infobox-icon-above-title uagb-infobox-image-valign-top\"><div class=\"uagb-ifb-content\"><div class=\"uagb-ifb-title-wrap\"><h3 class=\"uagb-ifb-title\">Silenciadores Splitters<\/h3><\/div><p class=\"uagb-ifb-desc\">Implementamos sistemas de monitoreo continuo para evaluar y gestionar el ruido en tiempo real.<\/p><\/div><\/div>\n<\/div>\n<\/div>\n<\/div><\/div>\n\n\n\n<div class=\"wp-block-uagb-container uagb-block-63ed8b00 alignfull uagb-is-root-container\"><div class=\"uagb-container-inner-blocks-wrap\">\n<div class=\"wp-block-uagb-info-box uagb-block-76a5e3b2 uagb-infobox__content-wrap  uagb-infobox-icon-above-title uagb-infobox-image-valign-top\"><div class=\"uagb-ifb-content\"><div class=\"uagb-ifb-title-wrap\"><h2 class=\"uagb-ifb-title\">Comienza Tu Proyecto Hoy<\/h2><\/div><p class=\"uagb-ifb-desc\">Cont\u00e1ctanos y recibe asesor\u00eda especializada en ac\u00fastica y vibraciones.<\/p><\/div><\/div>\n\n\n\n<div class=\"wp-block-columns is-layout-flex wp-container-core-columns-is-layout-28f84493 wp-block-columns-is-layout-flex\">\n<div class=\"wp-block-column is-layout-flow wp-block-column-is-layout-flow\">\n<div class=\"wp-block-columns is-layout-flex wp-container-core-columns-is-layout-28f84493 wp-block-columns-is-layout-flex\">\n<div class=\"wp-block-column is-layout-flow wp-block-column-is-layout-flow\">\n<div class=\"wp-block-columns is-layout-flex wp-container-core-columns-is-layout-28f84493 wp-block-columns-is-layout-flex\">\n<div class=\"wp-block-column is-layout-flow wp-block-column-is-layout-flow\">\n<div class=\"wp-block-columns is-layout-flex wp-container-core-columns-is-layout-28f84493 wp-block-columns-is-layout-flex\">\n<div class=\"wp-block-column is-layout-flow wp-block-column-is-layout-flow\">      \n\t\t\t<div class=\"uagb-icon-wrapper uagb-block-4c0b69ca      \"\n\t\t\tstyle=\"\" >\n\t\t\t\t\t\t\t\t\t<span class=\"uagb-svg-wrapper\" \n\t\t\t\t\t aria-label=\"phone\"\t\t\t\t\ttabindex=\"0\">\t\t\n\t\t\t\t\t\t\t\t\t\t<svg xmlns=\"https:\/\/www.w3.org\/2000\/svg\" viewBox= \"0 0 512 512\" role=\"graphics-symbol\" aria-hidden=\"false\" aria-label=\"\"><path d=\"M511.2 387l-23.25 100.8c-3.266 14.25-15.79 24.22-30.46 24.22C205.2 512 0 306.8 0 54.5c0-14.66 9.969-27.2 24.22-30.45l100.8-23.25C139.7-2.602 154.7 5.018 160.8 18.92l46.52 108.5c5.438 12.78 1.77 27.67-8.98 36.45L144.5 207.1c33.98 69.22 90.26 125.5 159.5 159.5l44.08-53.8c8.688-10.78 23.69-14.51 36.47-8.975l108.5 46.51C506.1 357.2 514.6 372.4 511.2 387z\"><\/path><\/svg>\n\t\t\t\t\t\t\t\t\t<\/span>\n\t\t\t\t\t\t\t<\/div>\n\t\t\t<\/div>\n<\/div>\n<\/div>\n\n\n\n<div class=\"wp-block-column is-layout-flow wp-block-column-is-layout-flow\">\n<div class=\"wp-block-columns is-layout-flex wp-container-core-columns-is-layout-28f84493 wp-block-columns-is-layout-flex\">\n<div class=\"wp-block-column is-layout-flow wp-block-column-is-layout-flow\">\n<header class=\"wp-block-uagb-advanced-heading uagb-block-8e050211\"><h5 class=\"uagb-heading-text\">+569 5354 4040<\/h5><\/header>\n<\/div>\n\n\n\n<div class=\"wp-block-column is-layout-flow wp-block-column-is-layout-flow\">      \n\t\t\t<div class=\"uagb-icon-wrapper uagb-block-d8968300      \"\n\t\t\tstyle=\"\" >\n\t\t\t\t\t\t\t\t\t<span class=\"uagb-svg-wrapper\" \n\t\t\t\t\t aria-label=\"envelope\"\t\t\t\t\ttabindex=\"0\">\t\t\n\t\t\t\t\t\t\t\t\t\t<svg xmlns=\"https:\/\/www.w3.org\/2000\/svg\" viewBox= \"0 0 512 512\" role=\"graphics-symbol\" aria-hidden=\"false\" aria-label=\"\"><path d=\"M464 64C490.5 64 512 85.49 512 112C512 127.1 504.9 141.3 492.8 150.4L275.2 313.6C263.8 322.1 248.2 322.1 236.8 313.6L19.2 150.4C7.113 141.3 0 127.1 0 112C0 85.49 21.49 64 48 64H464zM217.6 339.2C240.4 356.3 271.6 356.3 294.4 339.2L512 176V384C512 419.3 483.3 448 448 448H64C28.65 448 0 419.3 0 384V176L217.6 339.2z\"><\/path><\/svg>\n\t\t\t\t\t\t\t\t\t<\/span>\n\t\t\t\t\t\t\t<\/div>\n\t\t\t<\/div>\n<\/div>\n<\/div>\n\n\n\n<div class=\"wp-block-column is-layout-flow wp-block-column-is-layout-flow\">\n<div class=\"wp-block-columns is-layout-flex wp-container-core-columns-is-layout-28f84493 wp-block-columns-is-layout-flex\">\n<div class=\"wp-block-column is-layout-flow wp-block-column-is-layout-flow\">\n<div class=\"wp-block-uagb-advanced-heading uagb-block-c74c1be9\"><h5 class=\"uagb-heading-text\">info@acusticacr.cl<\/h5><\/div>\n<\/div>\n<\/div>\n<\/div>\n<\/div>\n<\/div>\n<\/div>\n<\/div>\n<\/div>\n<\/div><\/div>\n\n\n\n<p><\/p>\n","protected":false},"excerpt":{"rendered":"<p>Soluciones Ac\u00fasticas Expertos en control de ruido y vibraciones para mejorar tu ambiente de trabajo. Nuestros Servicios Ac\u00fasticos<\/p>\n","protected":false},"author":5,"featured_media":0,"parent":0,"menu_order":0,"comment_status":"closed","ping_status":"closed","template":"","meta":{"_surecart_dashboard_logo_width":"180px","_surecart_dashboard_show_logo":true,"_surecart_dashboard_navigation_orders":true,"_surecart_dashboard_navigation_invoices":true,"_surecart_dashboard_navigation_subscriptions":true,"_surecart_dashboard_navigation_downloads":true,"_surecart_dashboard_navigation_billing":true,"_surecart_dashboard_navigation_account":true,"_uag_custom_page_level_css":"","site-sidebar-layout":"default","site-content-layout":"","ast-site-content-layout":"default","site-content-style":"default","site-sidebar-style":"default","ast-global-header-display":"","ast-banner-title-visibility":"","ast-main-header-display":"","ast-hfb-above-header-display":"","ast-hfb-below-header-display":"","ast-hfb-mobile-header-display":"","site-post-title":"disabled","ast-breadcrumbs-content":"","ast-featured-img":"","footer-sml-layout":"","ast-disable-related-posts":"","theme-transparent-header-meta":"","adv-header-id-meta":"","stick-header-meta":"","header-above-stick-meta":"","header-main-stick-meta":"","header-below-stick-meta":"","astra-migrate-meta-layouts":"","ast-page-background-enabled":"default","ast-page-background-meta":{"desktop":{"background-color":"var(--ast-global-color-4)","background-image":"","background-repeat":"repeat","background-position":"center center","background-size":"auto","background-attachment":"scroll","background-type":"","background-media":"","overlay-type":"","overlay-color":"","overlay-opacity":"","overlay-gradient":""},"tablet":{"background-color":"","background-image":"","background-repeat":"repeat","background-position":"center center","background-size":"auto","background-attachment":"scroll","background-type":"","background-media":"","overlay-type":"","overlay-color":"","overlay-opacity":"","overlay-gradient":""},"mobile":{"background-color":"","background-image":"","background-repeat":"repeat","background-position":"center center","background-size":"auto","background-attachment":"scroll","background-type":"","background-media":"","overlay-type":"","overlay-color":"","overlay-opacity":"","overlay-gradient":""}},"ast-content-background-meta":{"desktop":{"background-color":"var(--ast-global-color-5)","background-image":"","background-repeat":"repeat","background-position":"center center","background-size":"auto","background-attachment":"scroll","background-type":"","background-media":"","overlay-type":"","overlay-color":"","overlay-opacity":"","overlay-gradient":""},"tablet":{"background-color":"var(--ast-global-color-5)","background-image":"","background-repeat":"repeat","background-position":"center center","background-size":"auto","background-attachment":"scroll","background-type":"","background-media":"","overlay-type":"","overlay-color":"","overlay-opacity":"","overlay-gradient":""},"mobile":{"background-color":"var(--ast-global-color-5)","background-image":"","background-repeat":"repeat","background-position":"center center","background-size":"auto","background-attachment":"scroll","background-type":"","background-media":"","overlay-type":"","overlay-color":"","overlay-opacity":"","overlay-gradient":""}},"footnotes":""},"class_list":["post-14","page","type-page","status-publish","hentry"],"uagb_featured_image_src":{"full":false,"thumbnail":false,"medium":false,"medium_large":false,"large":false,"1536x1536":false,"2048x2048":false},"uagb_author_info":{"display_name":"chreyes411","author_link":"https:\/\/www.acusticacr.cl\/New_site\/author\/xh1ux8lhldnq\/"},"uagb_comment_info":0,"uagb_excerpt":"Soluciones Ac\u00fasticas Expertos en control de ruido y vibraciones para mejorar tu ambiente de trabajo. Nuestros Servicios Ac\u00fasticos","_links":{"self":[{"href":"https:\/\/www.acusticacr.cl\/New_site\/wp-json\/wp\/v2\/pages\/14","targetHints":{"allow":["GET"]}}],"collection":[{"href":"https:\/\/www.acusticacr.cl\/New_site\/wp-json\/wp\/v2\/pages"}],"about":[{"href":"https:\/\/www.acusticacr.cl\/New_site\/wp-json\/wp\/v2\/types\/page"}],"author":[{"embeddable":true,"href":"https:\/\/www.acusticacr.cl\/New_site\/wp-json\/wp\/v2\/users\/5"}],"replies":[{"embeddable":true,"href":"https:\/\/www.acusticacr.cl\/New_site\/wp-json\/wp\/v2\/comments?post=14"}],"version-history":[{"count":0,"href":"https:\/\/www.acusticacr.cl\/New_site\/wp-json\/wp\/v2\/pages\/14\/revisions"}],"wp:attachment":[{"href":"https:\/\/www.acusticacr.cl\/New_site\/wp-json\/wp\/v2\/media?parent=14"}],"curies":[{"name":"wp","href":"https:\/\/api.w.org\/{rel}","templated":true}]}}